{"id":4583,"date":"2021-03-10T14:15:19","date_gmt":"2021-03-10T13:15:19","guid":{"rendered":"http:\/\/kulturgut.boye-design.de\/?page_id=4583"},"modified":"2024-05-20T09:04:05","modified_gmt":"2024-05-20T07:04:05","slug":"projekte","status":"publish","type":"page","link":"https:\/\/www.kulturgut-poggenhagen.de\/kulturgut\/wordpress\/projekte\/","title":{"rendered":"Projekte"},"content":{"rendered":"<div class=\"wpb-content-wrapper\"><p>[vc_row full_width=&#8220;stretch_row_content&#8220; no_bottom_margin=&#8220;yes&#8220; css=&#8220;.vc_custom_1615382389516{margin-top: 0px !important;margin-bottom: 0px !important;padding-top: 0px !important;padding-bottom: 0px !important;background-color: #ffffff !important;}&#8220;][vc_column 0=&#8220;&#8220; css=&#8220;.vc_custom_1615382208403{margin-top: 0px !important;margin-bottom: 0px !important;padding-top: 0px !important;}&#8220;][vc_separator color=&#8220;black&#8220; css=&#8220;.vc_custom_1615383326776{margin-top: 0px !important;padding-top: 0px !important;}&#8220;][\/vc_column][\/vc_row][vc_row no_bottom_margin=&#8220;yes&#8220; css=&#8220;.vc_custom_1615382410523{margin-bottom: 0px !important;padding-bottom: 0px !important;background-color: #ffffff !important;}&#8220;][vc_column 0=&#8220;&#8220; css=&#8220;.vc_custom_1615401730032{margin-bottom: 0px !important;padding-top: 0px !important;padding-bottom: 0px !important;}&#8220;][vc_column_text 0=&#8220;&#8220; css=&#8220;.vc_custom_1615795683139{margin-bottom: 20px !important;}&#8220;]<\/p>\n<h1 style=\"text-align: center;\">Projekte<\/h1>\n<p>[\/vc_column_text][vc_column_text]<\/p>\n<h4 style=\"text-align: center;\">Highlights auf dem KulturGut Poggenhagen<\/h4>\n<p>[\/vc_column_text][\/vc_column][\/vc_row][vc_row no_bottom_margin=&#8220;yes&#8220; css=&#8220;.vc_custom_1615794734299{margin-top: 0px !important;margin-bottom: 0px !important;padding-top: 0px !important;padding-bottom: 0px !important;background-color: #ffffff !important;}&#8220;][vc_column 0=&#8220;&#8220; css=&#8220;.vc_custom_1615794996586{margin-top: 0px !important;margin-bottom: 0px !important;padding-top: 0px !important;padding-bottom: 0px !important;}&#8220;][lab_portfolio_items portfolio_type=&#8220;type-2&#8243; columns=&#8220;3&#8243; dynamic_image_height=&#8220;yes&#8220; pagination_type=&#8220;endless&#8220; endless_auto_reveal=&#8220;yes&#8220; endless_show_more_button_text=&#8220;&#8220; endless_no_more_items_button_text=&#8220;&#8220; portfolio_query=&#8220;size:All|order_by:rand|post_type:portfolio&#8220; css=&#8220;.vc_custom_1716188643416{margin-bottom: 0px !important;}&#8220;][\/vc_column][\/vc_row][vc_row full_width=&#8220;stretch_row_content&#8220; css=&#8220;.vc_custom_1618226753546{margin-top: 60px !important;margin-bottom: 30px !important;}&#8220;][vc_column][vc_tta_accordion shape=&#8220;square&#8220; gap=&#8220;10&#8243; c_icon=&#8220;chevron&#8220; active_section=&#8220;1&#8243; collapsible_all=&#8220;true&#8220;][vc_tta_section title=&#8220;Kunst&#8220; tab_id=&#8220;1618225296125-c7ea2aa2-608efa4c-97e8&#8243;][vc_row_inner][vc_column_inner width=&#8220;1\/4&#8243;][vc_single_image image=&#8220;4146&#8243; img_size=&#8220;full&#8220; onclick=&#8220;zoom&#8220;][\/vc_column_inner][vc_column_inner width=&#8220;3\/4&#8243;][vc_column_text css=&#8220;.vc_custom_1661451957376{margin-right: 50px !important;}&#8220;]Das KulturGut Poggenhagen ist ein geschichtstr\u00e4chtiger Ort, ein moderner Wohnort und eine vielf\u00e4ltige kulturelle Projektionsfl\u00e4che. Deshalb halten wir es f\u00fcr interessant, Kunst und Kultur immer in einen direkten Bezug zum Gut zu stellen. Die Kunst, die man hier sieht oder h\u00f6rt, entsteht genau hier.<\/p>\n<p>Die K\u00fcnstler arbeiten vor Ort, denken sich hinein in diesen Ort, nutzen die vielf\u00e4ltigen M\u00f6glichkeiten dieses Ortes, d\u00fcrfen aber auch gezielt dessen Schwingungen ver\u00e4ndern. Bei diesem Prozess helfen wir gerne mit, denn Partizipation an der Kunst ist f\u00fcr uns ein wichtiger Aspekt.<\/p>\n<p>Wir m\u00f6chten die Projekte zusammen mit den K\u00fcnstlern umsetzen, nah an der Entstehung von Kunst beteiligt sein. Kunst macht uns Spa\u00df und wir glauben, dass Kunst sinnvoll ist und das Leben lebenswerter macht.<\/p>\n<p>So kommen uns immer wieder neue Ideen f\u00fcr kulturelle Projekte, die wir dann gemeinsam planen und mit K\u00fcnstlerInnen aus der ganzen Welt umsetzen.[\/vc_column_text][\/vc_column_inner][\/vc_row_inner][\/vc_tta_section][vc_tta_section title=&#8220;Musik&#8220; tab_id=&#8220;1618225956423-207348f2-398hfa4c-97e8&#8243;][vc_row_inner][vc_column_inner width=&#8220;1\/4&#8243;][vc_single_image image=&#8220;4154&#8243; img_size=&#8220;full&#8220; onclick=&#8220;zoom&#8220;][\/vc_column_inner][vc_column_inner width=&#8220;3\/4&#8243;][vc_column_text css=&#8220;.vc_custom_1661451967320{margin-right: 50px !important;}&#8220;]Schon seit 2004 gibt es Musikveranstaltungen auf dem KulturGut Poggenhagen.<\/p>\n<p>Von Liveauftritten der verschiedensten Bands, \u00fcber Performances bis hin zu musikalisch umgesetzter Landart war schon einiges dabei.<\/p>\n<p>So hatten wir schon K\u00fcnstler wie Wisecr\u00e4cker, Kneeless Moose, Guacamole Aqui, Bernadette LaHengst, PR Kantate, Kosmo Koslowski, Japanese Noise Research und das Erste Improvisierende Streichorchester (E.I.S.) bei uns zu Gast.[\/vc_column_text][\/vc_column_inner][\/vc_row_inner][\/vc_tta_section][vc_tta_section title=&#8220;Theater&#8220; tab_id=&#8220;1618226205239-5418c874-f7cifa4c-97e8&#8243;][vc_row_inner][vc_column_inner width=&#8220;1\/4&#8243;][vc_single_image image=&#8220;5152&#8243; img_size=&#8220;full&#8220; onclick=&#8220;zoom&#8220;][\/vc_column_inner][vc_column_inner width=&#8220;3\/4&#8243;][vc_column_text css=&#8220;.vc_custom_1661451977583{margin-right: 50px !important;}&#8220;]Innovative Theatereinlagen oder abenteuerliche Inszenierungen auf dem gesamten Hof sind uns ebenfalls immer hoch willkommen. Das ganze Gel\u00e4nde eignet sich als B\u00fchne!<\/p>\n<p>Wir hatten schon gro\u00dfartige Vorstellungen im Park, im alten Speicher oder in der Reithalle. Wunderbar, wenn dabei z.B. \u00fcber Elemente aus Kunst, Musik oder Artistik die Genregrenzen verschwimmen und alles Denkbare stattfinden und unsere Horizonte f\u00fcttern darf.[\/vc_column_text][\/vc_column_inner][\/vc_row_inner][\/vc_tta_section][vc_tta_section title=&#8220;Workshops&#8220; tab_id=&#8220;1618226319623-01ebc8ed-811ofa4c-97e8&#8243;][vc_row_inner][vc_column_inner width=&#8220;1\/4&#8243;][vc_single_image image=&#8220;4944&#8243; img_size=&#8220;full&#8220; onclick=&#8220;zoom&#8220;][\/vc_column_inner][vc_column_inner width=&#8220;3\/4&#8243;][vc_column_text css=&#8220;.vc_custom_1661451985288{margin-right: 50px !important;}&#8220;]Es gibt doch so viel Spannendes zu lernen da drau\u00dfen \u2013 und irgendjemand kann ja immer was Tolles.<\/p>\n<p>Wie gut, dass wir diesen wunderbaren Lern- und Erlebnisort zur Verf\u00fcgung stellen k\u00f6nnen: einen gro\u00dfen Park, eine abenteuerliche Scheune, einen ehrw\u00fcrdigen Rittersaal und eine prima Projektk\u00fcche. Dazu Wiesen, Wege, W\u00e4lder und Wasser.<\/p>\n<p>Wo, wenn nicht hier?[\/vc_column_text][\/vc_column_inner][\/vc_row_inner][\/vc_tta_section][vc_tta_section title=&#8220;Liebenswertes&#8220; tab_id=&#8220;1618226390019-a28eec5b-40d4fa4c-97e8&#8243;][vc_row_inner][vc_column_inner width=&#8220;1\/4&#8243;][vc_single_image image=&#8220;5461&#8243; img_size=&#8220;full&#8220; onclick=&#8220;zoom&#8220;][\/vc_column_inner][vc_column_inner width=&#8220;3\/4&#8243;][vc_column_text css=&#8220;.vc_custom_1661451993215{margin-right: 50px !important;}&#8220;]Liebenswert finden wir alles, was uns sonst noch so einf\u00e4llt \u2013 und das war \u00fcber die Jahre ganz sch\u00f6n viel! Von Osterfeuern \u00fcber Apfelevents und Flohm\u00e4rkte bis zum T\u00fcrchen im lebendigen Adventskalender des Dorfes:<\/p>\n<p>Wir teilen unsere Vergn\u00fcgen gerne mit Euch![\/vc_column_text][\/vc_column_inner][\/vc_row_inner][\/vc_tta_section][\/vc_tta_accordion][\/vc_column][\/vc_row]<\/p>\n<\/div>","protected":false},"excerpt":{"rendered":"<p>[vc_row full_width=&#8220;stretch_row_content&#8220; no_bottom_margin=&#8220;yes&#8220; css=&#8220;.vc_custom_1615382389516{margin-top: 0px !important;margin-bottom: 0px !important;padding-top: 0px !important;padding-bottom: 0px !important;background-color: #ffffff !important;}&#8220;][vc_column 0=&#8220;&#8220; css=&#8220;.vc_custom_1615382208403{margin-top: 0px !important;margin-bottom: 0px !important;padding-top: 0px !important;}&#8220;][vc_separator color=&#8220;black&#8220; css=&#8220;.vc_custom_1615383326776{margin-top: 0px !important;padding-top: 0px !important;}&#8220;][\/vc_column][\/vc_row][vc_row no_bottom_margin=&#8220;yes&#8220; css=&#8220;.vc_custom_1615382410523{margin-bottom: 0px !important;padding-bottom: 0px !important;background-color: #ffffff !important;}&#8220;][vc_column 0=&#8220;&#8220; css=&#8220;.vc_custom_1615401730032{margin-bottom: 0px !important;padding-top: 0px !important;padding-bottom: 0px !important;}&#8220;][vc_column_text 0=&#8220;&#8220; css=&#8220;.vc_custom_1615795683139{margin-bottom: 20px !important;}&#8220;] Projekte [\/vc_column_text][vc_column_text] Highlights auf dem KulturGut Poggenhagen&hellip;<\/p>\n","protected":false},"author":1,"featured_media":4633,"parent":0,"menu_order":0,"comment_status":"open","ping_status":"open","template":"","meta":{"_acf_changed":false,"footnotes":""},"class_list":["post-4583","page","type-page","status-publish","has-post-thumbnail","hentry"],"acf":[],"yoast_head":"<!-- This site is optimized with the Yoast SEO plugin v27.3 - https:\/\/yoast.com\/product\/yoast-seo-wordpress\/ -->\n<title>Projekte - KulturGut Poggenhagen<\/title>\n<meta name=\"robots\" content=\"index, follow, max-snippet:-1, max-image-preview:large, max-video-preview:-1\" \/>\n<link rel=\"canonical\" href=\"https:\/\/www.kulturgut-poggenhagen.de\/kulturgut\/wordpress\/projekte\/\" \/>\n<meta property=\"og:locale\" content=\"de_DE\" \/>\n<meta property=\"og:type\" content=\"article\" \/>\n<meta property=\"og:title\" content=\"Projekte - KulturGut Poggenhagen\" \/>\n<meta property=\"og:description\" content=\"[vc_row full_width=&#8220;stretch_row_content&#8220; no_bottom_margin=&#8220;yes&#8220; css=&#8220;.vc_custom_1615382389516{margin-top: 0px !important;margin-bottom: 0px !important;padding-top: 0px !important;padding-bottom: 0px !important;background-color: #ffffff !important;}&#8220;][vc_column 0=&#8220;&#8220; css=&#8220;.vc_custom_1615382208403{margin-top: 0px !important;margin-bottom: 0px !important;padding-top: 0px !important;}&#8220;][vc_separator color=&#8220;black&#8220; css=&#8220;.vc_custom_1615383326776{margin-top: 0px !important;padding-top: 0px !important;}&#8220;][\/vc_column][\/vc_row][vc_row no_bottom_margin=&#8220;yes&#8220; css=&#8220;.vc_custom_1615382410523{margin-bottom: 0px !important;padding-bottom: 0px !important;background-color: #ffffff !important;}&#8220;][vc_column 0=&#8220;&#8220; css=&#8220;.vc_custom_1615401730032{margin-bottom: 0px !important;padding-top: 0px !important;padding-bottom: 0px !important;}&#8220;][vc_column_text 0=&#8220;&#8220; css=&#8220;.vc_custom_1615795683139{margin-bottom: 20px !important;}&#8220;] Projekte [\/vc_column_text][vc_column_text] Highlights auf dem KulturGut Poggenhagen&hellip;\" \/>\n<meta property=\"og:url\" content=\"https:\/\/www.kulturgut-poggenhagen.de\/kulturgut\/wordpress\/projekte\/\" \/>\n<meta property=\"og:site_name\" content=\"KulturGut Poggenhagen\" \/>\n<meta property=\"og:image\" content=\"https:\/\/www.kulturgut-poggenhagen.de\/kulturgut\/wordpress\/wp-content\/uploads\/2021\/03\/gruss-aus-poggenhafen.jpg\" \/>\n\t<meta property=\"og:image:width\" content=\"1000\" \/>\n\t<meta property=\"og:image:height\" content=\"671\" \/>\n\t<meta property=\"og:image:type\" content=\"image\/jpeg\" \/>\n<meta name=\"twitter:card\" content=\"summary_large_image\" \/>\n<meta name=\"twitter:label1\" content=\"Gesch\u00e4tzte Lesezeit\" \/>\n\t<meta name=\"twitter:data1\" content=\"4\u00a0Minuten\" \/>\n<script type=\"application\/ld+json\" class=\"yoast-schema-graph\">{\"@context\":\"https:\\\/\\\/schema.org\",\"@graph\":[{\"@type\":\"WebPage\",\"@id\":\"https:\\\/\\\/www.kulturgut-poggenhagen.de\\\/kulturgut\\\/wordpress\\\/projekte\\\/\",\"url\":\"https:\\\/\\\/www.kulturgut-poggenhagen.de\\\/kulturgut\\\/wordpress\\\/projekte\\\/\",\"name\":\"Projekte - KulturGut Poggenhagen\",\"isPartOf\":{\"@id\":\"https:\\\/\\\/www.kulturgut-poggenhagen.de\\\/kulturgut\\\/wordpress\\\/#website\"},\"primaryImageOfPage\":{\"@id\":\"https:\\\/\\\/www.kulturgut-poggenhagen.de\\\/kulturgut\\\/wordpress\\\/projekte\\\/#primaryimage\"},\"image\":{\"@id\":\"https:\\\/\\\/www.kulturgut-poggenhagen.de\\\/kulturgut\\\/wordpress\\\/projekte\\\/#primaryimage\"},\"thumbnailUrl\":\"https:\\\/\\\/www.kulturgut-poggenhagen.de\\\/kulturgut\\\/wordpress\\\/wp-content\\\/uploads\\\/2021\\\/03\\\/gruss-aus-poggenhafen.jpg\",\"datePublished\":\"2021-03-10T13:15:19+00:00\",\"dateModified\":\"2024-05-20T07:04:05+00:00\",\"breadcrumb\":{\"@id\":\"https:\\\/\\\/www.kulturgut-poggenhagen.de\\\/kulturgut\\\/wordpress\\\/projekte\\\/#breadcrumb\"},\"inLanguage\":\"de\",\"potentialAction\":[{\"@type\":\"ReadAction\",\"target\":[\"https:\\\/\\\/www.kulturgut-poggenhagen.de\\\/kulturgut\\\/wordpress\\\/projekte\\\/\"]}]},{\"@type\":\"ImageObject\",\"inLanguage\":\"de\",\"@id\":\"https:\\\/\\\/www.kulturgut-poggenhagen.de\\\/kulturgut\\\/wordpress\\\/projekte\\\/#primaryimage\",\"url\":\"https:\\\/\\\/www.kulturgut-poggenhagen.de\\\/kulturgut\\\/wordpress\\\/wp-content\\\/uploads\\\/2021\\\/03\\\/gruss-aus-poggenhafen.jpg\",\"contentUrl\":\"https:\\\/\\\/www.kulturgut-poggenhagen.de\\\/kulturgut\\\/wordpress\\\/wp-content\\\/uploads\\\/2021\\\/03\\\/gruss-aus-poggenhafen.jpg\",\"width\":1000,\"height\":671,\"caption\":\"Gru\u00df aus Poggenhafen\"},{\"@type\":\"BreadcrumbList\",\"@id\":\"https:\\\/\\\/www.kulturgut-poggenhagen.de\\\/kulturgut\\\/wordpress\\\/projekte\\\/#breadcrumb\",\"itemListElement\":[{\"@type\":\"ListItem\",\"position\":1,\"name\":\"Startseite\",\"item\":\"https:\\\/\\\/www.kulturgut-poggenhagen.de\\\/kulturgut\\\/wordpress\\\/\"},{\"@type\":\"ListItem\",\"position\":2,\"name\":\"Projekte\"}]},{\"@type\":\"WebSite\",\"@id\":\"https:\\\/\\\/www.kulturgut-poggenhagen.de\\\/kulturgut\\\/wordpress\\\/#website\",\"url\":\"https:\\\/\\\/www.kulturgut-poggenhagen.de\\\/kulturgut\\\/wordpress\\\/\",\"name\":\"KulturGut Poggenhagen\",\"description\":\"Verein f\u00fcr Kunst und Kultur\",\"publisher\":{\"@id\":\"https:\\\/\\\/www.kulturgut-poggenhagen.de\\\/kulturgut\\\/wordpress\\\/#organization\"},\"potentialAction\":[{\"@type\":\"SearchAction\",\"target\":{\"@type\":\"EntryPoint\",\"urlTemplate\":\"https:\\\/\\\/www.kulturgut-poggenhagen.de\\\/kulturgut\\\/wordpress\\\/?s={search_term_string}\"},\"query-input\":{\"@type\":\"PropertyValueSpecification\",\"valueRequired\":true,\"valueName\":\"search_term_string\"}}],\"inLanguage\":\"de\"},{\"@type\":\"Organization\",\"@id\":\"https:\\\/\\\/www.kulturgut-poggenhagen.de\\\/kulturgut\\\/wordpress\\\/#organization\",\"name\":\"KulturGut Poggenhagen e.V.\",\"url\":\"https:\\\/\\\/www.kulturgut-poggenhagen.de\\\/kulturgut\\\/wordpress\\\/\",\"logo\":{\"@type\":\"ImageObject\",\"inLanguage\":\"de\",\"@id\":\"https:\\\/\\\/www.kulturgut-poggenhagen.de\\\/kulturgut\\\/wordpress\\\/#\\\/schema\\\/logo\\\/image\\\/\",\"url\":\"https:\\\/\\\/www.kulturgut-poggenhagen.de\\\/kulturgut\\\/wordpress\\\/wp-content\\\/uploads\\\/2021\\\/03\\\/logo-kulturgut-pink-hoch.png\",\"contentUrl\":\"https:\\\/\\\/www.kulturgut-poggenhagen.de\\\/kulturgut\\\/wordpress\\\/wp-content\\\/uploads\\\/2021\\\/03\\\/logo-kulturgut-pink-hoch.png\",\"width\":535,\"height\":295,\"caption\":\"KulturGut Poggenhagen e.V.\"},\"image\":{\"@id\":\"https:\\\/\\\/www.kulturgut-poggenhagen.de\\\/kulturgut\\\/wordpress\\\/#\\\/schema\\\/logo\\\/image\\\/\"}}]}<\/script>\n<!-- \/ Yoast SEO plugin. -->","yoast_head_json":{"title":"Projekte - KulturGut Poggenhagen","robots":{"index":"index","follow":"follow","max-snippet":"max-snippet:-1","max-image-preview":"max-image-preview:large","max-video-preview":"max-video-preview:-1"},"canonical":"https:\/\/www.kulturgut-poggenhagen.de\/kulturgut\/wordpress\/projekte\/","og_locale":"de_DE","og_type":"article","og_title":"Projekte - KulturGut Poggenhagen","og_description":"[vc_row full_width=&#8220;stretch_row_content&#8220; no_bottom_margin=&#8220;yes&#8220; css=&#8220;.vc_custom_1615382389516{margin-top: 0px !important;margin-bottom: 0px !important;padding-top: 0px !important;padding-bottom: 0px !important;background-color: #ffffff !important;}&#8220;][vc_column 0=&#8220;&#8220; css=&#8220;.vc_custom_1615382208403{margin-top: 0px !important;margin-bottom: 0px !important;padding-top: 0px !important;}&#8220;][vc_separator color=&#8220;black&#8220; css=&#8220;.vc_custom_1615383326776{margin-top: 0px !important;padding-top: 0px !important;}&#8220;][\/vc_column][\/vc_row][vc_row no_bottom_margin=&#8220;yes&#8220; css=&#8220;.vc_custom_1615382410523{margin-bottom: 0px !important;padding-bottom: 0px !important;background-color: #ffffff !important;}&#8220;][vc_column 0=&#8220;&#8220; css=&#8220;.vc_custom_1615401730032{margin-bottom: 0px !important;padding-top: 0px !important;padding-bottom: 0px !important;}&#8220;][vc_column_text 0=&#8220;&#8220; css=&#8220;.vc_custom_1615795683139{margin-bottom: 20px !important;}&#8220;] Projekte [\/vc_column_text][vc_column_text] Highlights auf dem KulturGut Poggenhagen&hellip;","og_url":"https:\/\/www.kulturgut-poggenhagen.de\/kulturgut\/wordpress\/projekte\/","og_site_name":"KulturGut Poggenhagen","og_image":[{"width":1000,"height":671,"url":"https:\/\/www.kulturgut-poggenhagen.de\/kulturgut\/wordpress\/wp-content\/uploads\/2021\/03\/gruss-aus-poggenhafen.jpg","type":"image\/jpeg"}],"twitter_card":"summary_large_image","twitter_misc":{"Gesch\u00e4tzte Lesezeit":"4\u00a0Minuten"},"schema":{"@context":"https:\/\/schema.org","@graph":[{"@type":"WebPage","@id":"https:\/\/www.kulturgut-poggenhagen.de\/kulturgut\/wordpress\/projekte\/","url":"https:\/\/www.kulturgut-poggenhagen.de\/kulturgut\/wordpress\/projekte\/","name":"Projekte - KulturGut Poggenhagen","isPartOf":{"@id":"https:\/\/www.kulturgut-poggenhagen.de\/kulturgut\/wordpress\/#website"},"primaryImageOfPage":{"@id":"https:\/\/www.kulturgut-poggenhagen.de\/kulturgut\/wordpress\/projekte\/#primaryimage"},"image":{"@id":"https:\/\/www.kulturgut-poggenhagen.de\/kulturgut\/wordpress\/projekte\/#primaryimage"},"thumbnailUrl":"https:\/\/www.kulturgut-poggenhagen.de\/kulturgut\/wordpress\/wp-content\/uploads\/2021\/03\/gruss-aus-poggenhafen.jpg","datePublished":"2021-03-10T13:15:19+00:00","dateModified":"2024-05-20T07:04:05+00:00","breadcrumb":{"@id":"https:\/\/www.kulturgut-poggenhagen.de\/kulturgut\/wordpress\/projekte\/#breadcrumb"},"inLanguage":"de","potentialAction":[{"@type":"ReadAction","target":["https:\/\/www.kulturgut-poggenhagen.de\/kulturgut\/wordpress\/projekte\/"]}]},{"@type":"ImageObject","inLanguage":"de","@id":"https:\/\/www.kulturgut-poggenhagen.de\/kulturgut\/wordpress\/projekte\/#primaryimage","url":"https:\/\/www.kulturgut-poggenhagen.de\/kulturgut\/wordpress\/wp-content\/uploads\/2021\/03\/gruss-aus-poggenhafen.jpg","contentUrl":"https:\/\/www.kulturgut-poggenhagen.de\/kulturgut\/wordpress\/wp-content\/uploads\/2021\/03\/gruss-aus-poggenhafen.jpg","width":1000,"height":671,"caption":"Gru\u00df aus Poggenhafen"},{"@type":"BreadcrumbList","@id":"https:\/\/www.kulturgut-poggenhagen.de\/kulturgut\/wordpress\/projekte\/#breadcrumb","itemListElement":[{"@type":"ListItem","position":1,"name":"Startseite","item":"https:\/\/www.kulturgut-poggenhagen.de\/kulturgut\/wordpress\/"},{"@type":"ListItem","position":2,"name":"Projekte"}]},{"@type":"WebSite","@id":"https:\/\/www.kulturgut-poggenhagen.de\/kulturgut\/wordpress\/#website","url":"https:\/\/www.kulturgut-poggenhagen.de\/kulturgut\/wordpress\/","name":"KulturGut Poggenhagen","description":"Verein f\u00fcr Kunst und Kultur","publisher":{"@id":"https:\/\/www.kulturgut-poggenhagen.de\/kulturgut\/wordpress\/#organization"},"potentialAction":[{"@type":"SearchAction","target":{"@type":"EntryPoint","urlTemplate":"https:\/\/www.kulturgut-poggenhagen.de\/kulturgut\/wordpress\/?s={search_term_string}"},"query-input":{"@type":"PropertyValueSpecification","valueRequired":true,"valueName":"search_term_string"}}],"inLanguage":"de"},{"@type":"Organization","@id":"https:\/\/www.kulturgut-poggenhagen.de\/kulturgut\/wordpress\/#organization","name":"KulturGut Poggenhagen e.V.","url":"https:\/\/www.kulturgut-poggenhagen.de\/kulturgut\/wordpress\/","logo":{"@type":"ImageObject","inLanguage":"de","@id":"https:\/\/www.kulturgut-poggenhagen.de\/kulturgut\/wordpress\/#\/schema\/logo\/image\/","url":"https:\/\/www.kulturgut-poggenhagen.de\/kulturgut\/wordpress\/wp-content\/uploads\/2021\/03\/logo-kulturgut-pink-hoch.png","contentUrl":"https:\/\/www.kulturgut-poggenhagen.de\/kulturgut\/wordpress\/wp-content\/uploads\/2021\/03\/logo-kulturgut-pink-hoch.png","width":535,"height":295,"caption":"KulturGut Poggenhagen e.V."},"image":{"@id":"https:\/\/www.kulturgut-poggenhagen.de\/kulturgut\/wordpress\/#\/schema\/logo\/image\/"}}]}},"_links":{"self":[{"href":"https:\/\/www.kulturgut-poggenhagen.de\/kulturgut\/wordpress\/wp-json\/wp\/v2\/pages\/4583","targetHints":{"allow":["GET"]}}],"collection":[{"href":"https:\/\/www.kulturgut-poggenhagen.de\/kulturgut\/wordpress\/wp-json\/wp\/v2\/pages"}],"about":[{"href":"https:\/\/www.kulturgut-poggenhagen.de\/kulturgut\/wordpress\/wp-json\/wp\/v2\/types\/page"}],"author":[{"embeddable":true,"href":"https:\/\/www.kulturgut-poggenhagen.de\/kulturgut\/wordpress\/wp-json\/wp\/v2\/users\/1"}],"replies":[{"embeddable":true,"href":"https:\/\/www.kulturgut-poggenhagen.de\/kulturgut\/wordpress\/wp-json\/wp\/v2\/comments?post=4583"}],"version-history":[{"count":43,"href":"https:\/\/www.kulturgut-poggenhagen.de\/kulturgut\/wordpress\/wp-json\/wp\/v2\/pages\/4583\/revisions"}],"predecessor-version":[{"id":7469,"href":"https:\/\/www.kulturgut-poggenhagen.de\/kulturgut\/wordpress\/wp-json\/wp\/v2\/pages\/4583\/revisions\/7469"}],"wp:featuredmedia":[{"embeddable":true,"href":"https:\/\/www.kulturgut-poggenhagen.de\/kulturgut\/wordpress\/wp-json\/wp\/v2\/media\/4633"}],"wp:attachment":[{"href":"https:\/\/www.kulturgut-poggenhagen.de\/kulturgut\/wordpress\/wp-json\/wp\/v2\/media?parent=4583"}],"curies":[{"name":"wp","href":"https:\/\/api.w.org\/{rel}","templated":true}]}}