{"id":4471,"date":"2021-03-09T16:12:42","date_gmt":"2021-03-09T15:12:42","guid":{"rendered":"http:\/\/kulturgut.boye-design.de\/?page_id=4471"},"modified":"2025-09-27T10:11:08","modified_gmt":"2025-09-27T08:11:08","slug":"wir","status":"publish","type":"page","link":"https:\/\/www.kulturgut-poggenhagen.de\/kulturgut\/wordpress\/wir\/","title":{"rendered":"Wir"},"content":{"rendered":"<div class=\"wpb-content-wrapper\"><p>[vc_row full_width=&#8220;stretch_row_content&#8220; no_bottom_margin=&#8220;yes&#8220; css=&#8220;.vc_custom_1615382389516{margin-top: 0px !important;margin-bottom: 0px !important;padding-top: 0px !important;padding-bottom: 0px !important;background-color: #ffffff !important;}&#8220;][vc_column 0=&#8220;&#8220; css=&#8220;.vc_custom_1615382208403{margin-top: 0px !important;margin-bottom: 0px !important;padding-top: 0px !important;}&#8220;][vc_separator color=&#8220;black&#8220; css=&#8220;.vc_custom_1615383326776{margin-top: 0px !important;padding-top: 0px !important;}&#8220;][\/vc_column][\/vc_row][vc_row][vc_column css=&#8220;.vc_custom_1615832499145{padding-top: 0px !important;padding-bottom: 0px !important;}&#8220;][vc_column_text css=&#8220;.vc_custom_1615883096403{margin-bottom: 20px !important;}&#8220;]<\/p>\n<h1 style=\"text-align: center;\">Wir<\/h1>\n<p>[\/vc_column_text][vc_column_text]<\/p>\n<h4 style=\"text-align: center;\">Einfach machen<\/h4>\n<p>[\/vc_column_text][\/vc_column][\/vc_row][vc_row css=&#8220;.vc_custom_1615387322138{margin-top: 30px !important;}&#8220;][vc_column width=&#8220;1\/2&#8243;][vc_gallery type=&#8220;flexslider_slide&#8220; interval=&#8220;3&#8243; images=&#8220;4939,4947,5904,4944,4941,7511&#8243; img_size=&#8220;full&#8220; css_animation=&#8220;fadeIn&#8220; css=&#8220;&#8220;][\/vc_column][vc_column width=&#8220;1\/2&#8243;][vc_column_text]Wir sind ungef\u00e4hr 40 Menschen zwischen 10 und 85 Jahren und leben auf dem Gel\u00e4nde eines alten Ritterguts in Poggenhagen bei Neustadt am Rbge., 25 km nordwestlich von Hannover.<\/p>\n<p>Uns verbindet Freundschaft, Nachbarschaft, die Liebe zur Natur, der Ort an dem wir leben, die Freude an erstaunlichen Ereignissen und ein Kunstverein Namens \u201eKulturGut Poggenhagen e.V.\u201c, der von den Bewohnern des Guts vor knapp 20 Jahren gegr\u00fcndet wurde, um regelm\u00e4\u00dfig und mit gro\u00dfem ehrenamtlichen Engagement kleine und gro\u00dfe Kunst- und Kulturveranstaltungen auf die Beine stellen zu k\u00f6nnen.[\/vc_column_text][\/vc_column][\/vc_row][vc_row full_width=&#8220;stretch_row_content&#8220; no_bottom_margin=&#8220;yes&#8220; css=&#8220;.vc_custom_1615382389516{margin-top: 0px !important;margin-bottom: 0px !important;padding-top: 0px !important;padding-bottom: 0px !important;background-color: #ffffff !important;}&#8220;][vc_column 0=&#8220;&#8220; css=&#8220;.vc_custom_1621586221031{margin-top: 0px !important;margin-bottom: 0px !important;padding-top: 0px !important;}&#8220; offset=&#8220;vc_hidden-lg vc_hidden-md vc_hidden-sm vc_hidden-xs&#8220;][vc_separator color=&#8220;black&#8220; css=&#8220;.vc_custom_1615383326776{margin-top: 0px !important;padding-top: 0px !important;}&#8220;][\/vc_column][\/vc_row][vc_row full_width=&#8220;stretch_row_content&#8220; css=&#8220;.vc_custom_1618226839209{margin-top: 30px !important;margin-bottom: 30px !important;}&#8220;][vc_column][vc_tta_accordion gap=&#8220;10&#8243; c_icon=&#8220;chevron&#8220; active_section=&#8220;1&#8243; collapsible_all=&#8220;true&#8220;][vc_tta_section title=&#8220;Verein&#8220; tab_id=&#8220;1618225296125-c7ea2aa2-608t&#8220;][vc_row_inner][vc_column_inner width=&#8220;1\/4&#8243; offset=&#8220;vc_hidden-xs&#8220;][vc_single_image image=&#8220;5050&#8243; img_size=&#8220;full&#8220; onclick=&#8220;zoom&#8220;][\/vc_column_inner][vc_column_inner width=&#8220;3\/4&#8243; offset=&#8220;vc_hidden-xs&#8220;][vc_column_text css=&#8220;.vc_custom_1661451666452{margin-right: 50px !important;}&#8220;]<strong>Das KulturGut Poggenhagen<\/strong><\/p>\n<p>2007 wurde der Verein KulturGut Poggenhagen e.V. von Bewohnern und Bewohnerinnen des Gutes und befreundeten K\u00fcnstlern gegr\u00fcndet. Seine Ausrichtung ist, Kunst und Kultur mit direktem Bezug zum Gut zu f\u00f6rdern. Partizipation an der Kunst ist dabei ein wichtiger Aspekt.<\/p>\n<p>Der KulturGut Poggenhagen e.V. hat aktive Mitglieder, die mit ihrem ehrenamtlichen Engagement die Arbeit des Vereins tragen. Dar\u00fcberhinaus w\u00fcnschen wir uns, dass Menschen oder Institutionen, die von der Idee der F\u00f6rderung von Kunst und Kultur und deren Nutzung als Medium der Begegnung an einem besonderen Ort ebenso begeistert sind, den Verein durch Spenden oder eine F\u00f6rdermitgliedschaft unterst\u00fctzen.<\/p>\n<p>Wir bedanken uns bei unseren F\u00f6rderern:[\/vc_column_text][vc_single_image image=&#8220;5186&#8243; img_size=&#8220;full&#8220;][\/vc_column_inner][\/vc_row_inner][vc_row_inner][vc_column_inner width=&#8220;1\/4&#8243; offset=&#8220;vc_hidden-lg vc_hidden-md vc_hidden-sm&#8220;][vc_single_image image=&#8220;5050&#8243; img_size=&#8220;full&#8220; onclick=&#8220;zoom&#8220;][\/vc_column_inner][vc_column_inner width=&#8220;3\/4&#8243; offset=&#8220;vc_hidden-lg vc_hidden-md vc_hidden-sm&#8220;][vc_column_text]<strong>Das KulturGut Poggenhagen<\/strong><\/p>\n<p>2007 wurde der Verein KulturGut Poggenhagen e.V. von Bewohnern und Bewohnerinnen des Gutes und befreundeten K\u00fcnstlern gegr\u00fcndet. Seine Ausrichtung ist, Kunst und Kultur mit direktem Bezug zum Gut zu f\u00f6rdern. Partizipation an der Kunst ist dabei ein wichtiger Aspekt.<\/p>\n<p>Der KulturGut Poggenhagen e.V. hat aktive Mitglieder, die mit ihrem ehrenamtlichen Engagement die Arbeit des Vereins tragen. Dar\u00fcberhinaus w\u00fcnschen wir uns, dass Menschen oder Institutionen, die von der Idee der F\u00f6rderung von Kunst und Kultur und deren Nutzung als Medium der Begegnung an einem besonderen Ort ebenso begeistert sind, den Verein durch Spenden oder eine F\u00f6rdermitgliedschaft unterst\u00fctzen.<\/p>\n<p>Wir bedanken uns bei unseren F\u00f6rderern:[\/vc_column_text][vc_single_image image=&#8220;5189&#8243; img_size=&#8220;full&#8220; alignment=&#8220;center&#8220;][\/vc_column_inner][\/vc_row_inner][\/vc_tta_section][vc_tta_section title=&#8220;Hofleben&#8220; tab_id=&#8220;1618225956423-207348f2-398h&#8220;][vc_row_inner][vc_column_inner width=&#8220;1\/4&#8243;][vc_single_image image=&#8220;5053&#8243; img_size=&#8220;full&#8220; onclick=&#8220;zoom&#8220;][\/vc_column_inner][vc_column_inner width=&#8220;3\/4&#8243;][vc_column_text css=&#8220;.vc_custom_1753000469698{margin-right: 50px !important;}&#8220;]Wir sind ein bunter Haufen \u2013 Architekten, Lehrerinnen, Kunstp\u00e4dagoginnen, Buchbinder, Bildhauer, Tischler, Grafikdesignerinnen, Saatgutz\u00fcchterinnen, Landwirte, Lebensk\u00fcnstler und sonst noch Manches. Die einen arbeiten hier, die anderen fahren daf\u00fcr in die gro\u00dfe Stadt. Wir haben keinen Gemeinschaftsvertrag, was uns zusammenbindet ist vor allem das gemeinsame Tun \u2013 sei es bei der Vorbereitung von Kunst- und Kulturprojekten, beim Planen von Aktionen, bei der Pflege des Gutsparks, beim Holzsammeln oder beim Beackern des Gem\u00fcsetunnels. Gern treffen wir uns im Sommer beim Baden am See oder des Abends an irgendeiner Feuertonne&#8230;[\/vc_column_text][\/vc_column_inner][\/vc_row_inner][\/vc_tta_section][vc_tta_section title=&#8220;Aktionen&#8220; tab_id=&#8220;1618227233661-05202626-6506&#8243;][vc_row_inner][vc_column_inner width=&#8220;1\/4&#8243;][vc_single_image image=&#8220;5432&#8243; img_size=&#8220;full&#8220; alignment=&#8220;center&#8220;][\/vc_column_inner][vc_column_inner width=&#8220;3\/4&#8243;][vc_column_text css=&#8220;.vc_custom_1661451876098{margin-right: 50px !important;}&#8220;]Ob Osterfeuer oder Gl\u00fchweinabend am Tag vor Weihnachten, ob Open Air-Kino oder Flohmarkt \u2013 es macht immer wieder Spa\u00df, die M\u00f6glichkeiten, die der Ort hier er\u00f6ffnet, f\u00fcr sch\u00f6ne Aktionen zu nutzen, zu denen wir gern unsere und Freunde des Hofes oder die Nachbarn aus Poggenhagen einladen, um zusammen zauberhafte Stunden zu genie\u00dfen.<\/p>\n<p>Und auch ohne G\u00e4ste sind wir gerne aktiv:<br \/>\nSo haben wir in den letzen Jahren z.B. mit Joe B\u00e4ume gepflanzt, mit Henrike Bl\u00fchwiesen angelegt, mit Gerrit einen Klowagen f\u00fcr Veranstaltungen gebaut, mit Dennis ein neues Basketballfeld gepflastert, ausgiebig geplaudert, w\u00e4hrend wir eigentlich den Park harken wollten und danach trotzdem die leckere Suppe von Jenny gegessen.<\/p>\n<p>Manchmal, z.B. in der Vorbereitungsphase unseres Festivals kommt Lisa, eine befreundete K\u00f6chin aus Berlin, die verw\u00f6hnt uns dann nach Strich und Faden und wir treffen uns abends im Park an einer langen lebendigen Tafel zum Essen und Austauschen. Manchmal kochen wir auch selber in unserer Projektk\u00fcche, oder wir treffen uns dort im Winter zum Kekse backen. Das neueste Highlight ist der Pizzaofen, den Georg uns in der Hofmitte gebaut hat.<\/p>\n<p>Im Sommer begegnen wir uns beim Baden im See, oder wir finden uns spontan bei Joe und Kirsten an der Feuertonne zusammen. Momente, an denen einfach alles gut ist: Die Welt ist ein wohliger Ort, der Wein mundet und die Ideen machen Laune.<\/p>\n<p>Und wenn dann der lange Winter nach uns greift, packt, wer kann, seine sieben Sachen und reist mit Ralf nach Andalusien in sein Cortijo auf dem H\u00fcgel, wo es immer viel zu bauen, zu erleben und zu entdecken gibt \u2013 um sich dann auf der Terasse dem unbeschreiblich friedlichen Talblick hinzugeben.[\/vc_column_text][\/vc_column_inner][\/vc_row_inner][\/vc_tta_section][\/vc_tta_accordion][\/vc_column][\/vc_row][vc_row][vc_column css=&#8220;.vc_custom_1616403276479{padding-top: 25px !important;padding-bottom: 10px !important;}&#8220;][vc_masonry_media_grid element_width=&#8220;3&#8243; gap=&#8220;25&#8243; css=&#8220;&#8220; initial_loading_animation=&#8220;none&#8220; grid_id=&#8220;vc_gid:1758960626605-b5b53fa3-fd1a-6&#8243; include=&#8220;5048,5027,5024,5000,5002,5004,5005,5006,5007,5008,5009,5021,5010,5012,5034,5016,5921,4940,5020,5922,7514,4998,5022,5753,7426,5023,5025,5028,5001,5029,5030,5031,5013,5916,5044,5244,5011,5032,5033,5035,5036,5037,7544,5038,5042,5668,5057,5911,5054,5053,5052,5051,5050,5049,5047,7515,5923,5046,5045,5043,5516,4996,4997,5515,5501,5215,5909,5912,5914,5913,7517&#8243;][\/vc_column][\/vc_row]<\/p>\n<\/div>","protected":false},"excerpt":{"rendered":"<p>[vc_row full_width=&#8220;stretch_row_content&#8220; no_bottom_margin=&#8220;yes&#8220; css=&#8220;.vc_custom_1615382389516{margin-top: 0px !important;margin-bottom: 0px !important;padding-top: 0px !important;padding-bottom: 0px !important;background-color: #ffffff !important;}&#8220;][vc_column 0=&#8220;&#8220; css=&#8220;.vc_custom_1615382208403{margin-top: 0px !important;margin-bottom: 0px !important;padding-top: 0px !important;}&#8220;][vc_separator color=&#8220;black&#8220; css=&#8220;.vc_custom_1615383326776{margin-top: 0px !important;padding-top: 0px !important;}&#8220;][\/vc_column][\/vc_row][vc_row][vc_column css=&#8220;.vc_custom_1615832499145{padding-top: 0px !important;padding-bottom: 0px !important;}&#8220;][vc_column_text css=&#8220;.vc_custom_1615883096403{margin-bottom: 20px !important;}&#8220;] Wir [\/vc_column_text][vc_column_text] Einfach machen [\/vc_column_text][\/vc_column][\/vc_row][vc_row css=&#8220;.vc_custom_1615387322138{margin-top: 30px !important;}&#8220;][vc_column width=&#8220;1\/2&#8243;][vc_gallery type=&#8220;flexslider_slide&#8220; interval=&#8220;3&#8243; images=&#8220;4939,4947,5904,4944,4941,7511&#8243; img_size=&#8220;full&#8220; css_animation=&#8220;fadeIn&#8220; css=&#8220;&#8220;][\/vc_column][vc_column width=&#8220;1\/2&#8243;][vc_column_text]Wir sind ungef\u00e4hr 40&hellip;<\/p>\n","protected":false},"author":1,"featured_media":6732,"parent":0,"menu_order":0,"comment_status":"closed","ping_status":"closed","template":"","meta":{"_acf_changed":false,"footnotes":""},"class_list":["post-4471","page","type-page","status-publish","has-post-thumbnail","hentry"],"acf":[],"yoast_head":"<!-- This site is optimized with the Yoast SEO plugin v27.3 - https:\/\/yoast.com\/product\/yoast-seo-wordpress\/ -->\n<title>Wir - KulturGut Poggenhagen<\/title>\n<meta name=\"robots\" content=\"index, follow, max-snippet:-1, max-image-preview:large, max-video-preview:-1\" \/>\n<link rel=\"canonical\" href=\"https:\/\/www.kulturgut-poggenhagen.de\/kulturgut\/wordpress\/wir\/\" \/>\n<meta property=\"og:locale\" content=\"de_DE\" \/>\n<meta property=\"og:type\" content=\"article\" \/>\n<meta property=\"og:title\" content=\"Wir - KulturGut Poggenhagen\" \/>\n<meta property=\"og:description\" content=\"[vc_row full_width=&#8220;stretch_row_content&#8220; no_bottom_margin=&#8220;yes&#8220; css=&#8220;.vc_custom_1615382389516{margin-top: 0px !important;margin-bottom: 0px !important;padding-top: 0px !important;padding-bottom: 0px !important;background-color: #ffffff !important;}&#8220;][vc_column 0=&#8220;&#8220; css=&#8220;.vc_custom_1615382208403{margin-top: 0px !important;margin-bottom: 0px !important;padding-top: 0px !important;}&#8220;][vc_separator color=&#8220;black&#8220; css=&#8220;.vc_custom_1615383326776{margin-top: 0px !important;padding-top: 0px !important;}&#8220;][\/vc_column][\/vc_row][vc_row][vc_column css=&#8220;.vc_custom_1615832499145{padding-top: 0px !important;padding-bottom: 0px !important;}&#8220;][vc_column_text css=&#8220;.vc_custom_1615883096403{margin-bottom: 20px !important;}&#8220;] Wir [\/vc_column_text][vc_column_text] Einfach machen [\/vc_column_text][\/vc_column][\/vc_row][vc_row css=&#8220;.vc_custom_1615387322138{margin-top: 30px !important;}&#8220;][vc_column width=&#8220;1\/2&#8243;][vc_gallery type=&#8220;flexslider_slide&#8220; interval=&#8220;3&#8243; images=&#8220;4939,4947,5904,4944,4941,7511&#8243; img_size=&#8220;full&#8220; css_animation=&#8220;fadeIn&#8220; css=&#8220;&#8220;][\/vc_column][vc_column width=&#8220;1\/2&#8243;][vc_column_text]Wir sind ungef\u00e4hr 40&hellip;\" \/>\n<meta property=\"og:url\" content=\"https:\/\/www.kulturgut-poggenhagen.de\/kulturgut\/wordpress\/wir\/\" \/>\n<meta property=\"og:site_name\" content=\"KulturGut Poggenhagen\" \/>\n<meta property=\"og:image\" content=\"https:\/\/www.kulturgut-poggenhagen.de\/kulturgut\/wordpress\/wp-content\/uploads\/2023\/09\/wir-parkbeben-23-foto-janina-schuster.jpg\" \/>\n\t<meta property=\"og:image:width\" content=\"1000\" \/>\n\t<meta property=\"og:image:height\" content=\"628\" \/>\n\t<meta property=\"og:image:type\" content=\"image\/jpeg\" \/>\n<meta name=\"twitter:card\" content=\"summary_large_image\" \/>\n<meta name=\"twitter:label1\" content=\"Gesch\u00e4tzte Lesezeit\" \/>\n\t<meta name=\"twitter:data1\" content=\"8\u00a0Minuten\" \/>\n<script type=\"application\/ld+json\" class=\"yoast-schema-graph\">{\"@context\":\"https:\\\/\\\/schema.org\",\"@graph\":[{\"@type\":\"WebPage\",\"@id\":\"https:\\\/\\\/www.kulturgut-poggenhagen.de\\\/kulturgut\\\/wordpress\\\/wir\\\/\",\"url\":\"https:\\\/\\\/www.kulturgut-poggenhagen.de\\\/kulturgut\\\/wordpress\\\/wir\\\/\",\"name\":\"Wir - KulturGut Poggenhagen\",\"isPartOf\":{\"@id\":\"https:\\\/\\\/www.kulturgut-poggenhagen.de\\\/kulturgut\\\/wordpress\\\/#website\"},\"primaryImageOfPage\":{\"@id\":\"https:\\\/\\\/www.kulturgut-poggenhagen.de\\\/kulturgut\\\/wordpress\\\/wir\\\/#primaryimage\"},\"image\":{\"@id\":\"https:\\\/\\\/www.kulturgut-poggenhagen.de\\\/kulturgut\\\/wordpress\\\/wir\\\/#primaryimage\"},\"thumbnailUrl\":\"https:\\\/\\\/www.kulturgut-poggenhagen.de\\\/kulturgut\\\/wordpress\\\/wp-content\\\/uploads\\\/2023\\\/09\\\/wir-parkbeben-23-foto-janina-schuster.jpg\",\"datePublished\":\"2021-03-09T15:12:42+00:00\",\"dateModified\":\"2025-09-27T08:11:08+00:00\",\"breadcrumb\":{\"@id\":\"https:\\\/\\\/www.kulturgut-poggenhagen.de\\\/kulturgut\\\/wordpress\\\/wir\\\/#breadcrumb\"},\"inLanguage\":\"de\",\"potentialAction\":[{\"@type\":\"ReadAction\",\"target\":[\"https:\\\/\\\/www.kulturgut-poggenhagen.de\\\/kulturgut\\\/wordpress\\\/wir\\\/\"]}]},{\"@type\":\"ImageObject\",\"inLanguage\":\"de\",\"@id\":\"https:\\\/\\\/www.kulturgut-poggenhagen.de\\\/kulturgut\\\/wordpress\\\/wir\\\/#primaryimage\",\"url\":\"https:\\\/\\\/www.kulturgut-poggenhagen.de\\\/kulturgut\\\/wordpress\\\/wp-content\\\/uploads\\\/2023\\\/09\\\/wir-parkbeben-23-foto-janina-schuster.jpg\",\"contentUrl\":\"https:\\\/\\\/www.kulturgut-poggenhagen.de\\\/kulturgut\\\/wordpress\\\/wp-content\\\/uploads\\\/2023\\\/09\\\/wir-parkbeben-23-foto-janina-schuster.jpg\",\"width\":1000,\"height\":628},{\"@type\":\"BreadcrumbList\",\"@id\":\"https:\\\/\\\/www.kulturgut-poggenhagen.de\\\/kulturgut\\\/wordpress\\\/wir\\\/#breadcrumb\",\"itemListElement\":[{\"@type\":\"ListItem\",\"position\":1,\"name\":\"Startseite\",\"item\":\"https:\\\/\\\/www.kulturgut-poggenhagen.de\\\/kulturgut\\\/wordpress\\\/\"},{\"@type\":\"ListItem\",\"position\":2,\"name\":\"Wir\"}]},{\"@type\":\"WebSite\",\"@id\":\"https:\\\/\\\/www.kulturgut-poggenhagen.de\\\/kulturgut\\\/wordpress\\\/#website\",\"url\":\"https:\\\/\\\/www.kulturgut-poggenhagen.de\\\/kulturgut\\\/wordpress\\\/\",\"name\":\"KulturGut Poggenhagen\",\"description\":\"Verein f\u00fcr Kunst und Kultur\",\"publisher\":{\"@id\":\"https:\\\/\\\/www.kulturgut-poggenhagen.de\\\/kulturgut\\\/wordpress\\\/#organization\"},\"potentialAction\":[{\"@type\":\"SearchAction\",\"target\":{\"@type\":\"EntryPoint\",\"urlTemplate\":\"https:\\\/\\\/www.kulturgut-poggenhagen.de\\\/kulturgut\\\/wordpress\\\/?s={search_term_string}\"},\"query-input\":{\"@type\":\"PropertyValueSpecification\",\"valueRequired\":true,\"valueName\":\"search_term_string\"}}],\"inLanguage\":\"de\"},{\"@type\":\"Organization\",\"@id\":\"https:\\\/\\\/www.kulturgut-poggenhagen.de\\\/kulturgut\\\/wordpress\\\/#organization\",\"name\":\"KulturGut Poggenhagen e.V.\",\"url\":\"https:\\\/\\\/www.kulturgut-poggenhagen.de\\\/kulturgut\\\/wordpress\\\/\",\"logo\":{\"@type\":\"ImageObject\",\"inLanguage\":\"de\",\"@id\":\"https:\\\/\\\/www.kulturgut-poggenhagen.de\\\/kulturgut\\\/wordpress\\\/#\\\/schema\\\/logo\\\/image\\\/\",\"url\":\"https:\\\/\\\/www.kulturgut-poggenhagen.de\\\/kulturgut\\\/wordpress\\\/wp-content\\\/uploads\\\/2021\\\/03\\\/logo-kulturgut-pink-hoch.png\",\"contentUrl\":\"https:\\\/\\\/www.kulturgut-poggenhagen.de\\\/kulturgut\\\/wordpress\\\/wp-content\\\/uploads\\\/2021\\\/03\\\/logo-kulturgut-pink-hoch.png\",\"width\":535,\"height\":295,\"caption\":\"KulturGut Poggenhagen e.V.\"},\"image\":{\"@id\":\"https:\\\/\\\/www.kulturgut-poggenhagen.de\\\/kulturgut\\\/wordpress\\\/#\\\/schema\\\/logo\\\/image\\\/\"}}]}<\/script>\n<!-- \/ Yoast SEO plugin. -->","yoast_head_json":{"title":"Wir - KulturGut Poggenhagen","robots":{"index":"index","follow":"follow","max-snippet":"max-snippet:-1","max-image-preview":"max-image-preview:large","max-video-preview":"max-video-preview:-1"},"canonical":"https:\/\/www.kulturgut-poggenhagen.de\/kulturgut\/wordpress\/wir\/","og_locale":"de_DE","og_type":"article","og_title":"Wir - KulturGut Poggenhagen","og_description":"[vc_row full_width=&#8220;stretch_row_content&#8220; no_bottom_margin=&#8220;yes&#8220; css=&#8220;.vc_custom_1615382389516{margin-top: 0px !important;margin-bottom: 0px !important;padding-top: 0px !important;padding-bottom: 0px !important;background-color: #ffffff !important;}&#8220;][vc_column 0=&#8220;&#8220; css=&#8220;.vc_custom_1615382208403{margin-top: 0px !important;margin-bottom: 0px !important;padding-top: 0px !important;}&#8220;][vc_separator color=&#8220;black&#8220; css=&#8220;.vc_custom_1615383326776{margin-top: 0px !important;padding-top: 0px !important;}&#8220;][\/vc_column][\/vc_row][vc_row][vc_column css=&#8220;.vc_custom_1615832499145{padding-top: 0px !important;padding-bottom: 0px !important;}&#8220;][vc_column_text css=&#8220;.vc_custom_1615883096403{margin-bottom: 20px !important;}&#8220;] Wir [\/vc_column_text][vc_column_text] Einfach machen [\/vc_column_text][\/vc_column][\/vc_row][vc_row css=&#8220;.vc_custom_1615387322138{margin-top: 30px !important;}&#8220;][vc_column width=&#8220;1\/2&#8243;][vc_gallery type=&#8220;flexslider_slide&#8220; interval=&#8220;3&#8243; images=&#8220;4939,4947,5904,4944,4941,7511&#8243; img_size=&#8220;full&#8220; css_animation=&#8220;fadeIn&#8220; css=&#8220;&#8220;][\/vc_column][vc_column width=&#8220;1\/2&#8243;][vc_column_text]Wir sind ungef\u00e4hr 40&hellip;","og_url":"https:\/\/www.kulturgut-poggenhagen.de\/kulturgut\/wordpress\/wir\/","og_site_name":"KulturGut Poggenhagen","og_image":[{"width":1000,"height":628,"url":"https:\/\/www.kulturgut-poggenhagen.de\/kulturgut\/wordpress\/wp-content\/uploads\/2023\/09\/wir-parkbeben-23-foto-janina-schuster.jpg","type":"image\/jpeg"}],"twitter_card":"summary_large_image","twitter_misc":{"Gesch\u00e4tzte Lesezeit":"8\u00a0Minuten"},"schema":{"@context":"https:\/\/schema.org","@graph":[{"@type":"WebPage","@id":"https:\/\/www.kulturgut-poggenhagen.de\/kulturgut\/wordpress\/wir\/","url":"https:\/\/www.kulturgut-poggenhagen.de\/kulturgut\/wordpress\/wir\/","name":"Wir - KulturGut Poggenhagen","isPartOf":{"@id":"https:\/\/www.kulturgut-poggenhagen.de\/kulturgut\/wordpress\/#website"},"primaryImageOfPage":{"@id":"https:\/\/www.kulturgut-poggenhagen.de\/kulturgut\/wordpress\/wir\/#primaryimage"},"image":{"@id":"https:\/\/www.kulturgut-poggenhagen.de\/kulturgut\/wordpress\/wir\/#primaryimage"},"thumbnailUrl":"https:\/\/www.kulturgut-poggenhagen.de\/kulturgut\/wordpress\/wp-content\/uploads\/2023\/09\/wir-parkbeben-23-foto-janina-schuster.jpg","datePublished":"2021-03-09T15:12:42+00:00","dateModified":"2025-09-27T08:11:08+00:00","breadcrumb":{"@id":"https:\/\/www.kulturgut-poggenhagen.de\/kulturgut\/wordpress\/wir\/#breadcrumb"},"inLanguage":"de","potentialAction":[{"@type":"ReadAction","target":["https:\/\/www.kulturgut-poggenhagen.de\/kulturgut\/wordpress\/wir\/"]}]},{"@type":"ImageObject","inLanguage":"de","@id":"https:\/\/www.kulturgut-poggenhagen.de\/kulturgut\/wordpress\/wir\/#primaryimage","url":"https:\/\/www.kulturgut-poggenhagen.de\/kulturgut\/wordpress\/wp-content\/uploads\/2023\/09\/wir-parkbeben-23-foto-janina-schuster.jpg","contentUrl":"https:\/\/www.kulturgut-poggenhagen.de\/kulturgut\/wordpress\/wp-content\/uploads\/2023\/09\/wir-parkbeben-23-foto-janina-schuster.jpg","width":1000,"height":628},{"@type":"BreadcrumbList","@id":"https:\/\/www.kulturgut-poggenhagen.de\/kulturgut\/wordpress\/wir\/#breadcrumb","itemListElement":[{"@type":"ListItem","position":1,"name":"Startseite","item":"https:\/\/www.kulturgut-poggenhagen.de\/kulturgut\/wordpress\/"},{"@type":"ListItem","position":2,"name":"Wir"}]},{"@type":"WebSite","@id":"https:\/\/www.kulturgut-poggenhagen.de\/kulturgut\/wordpress\/#website","url":"https:\/\/www.kulturgut-poggenhagen.de\/kulturgut\/wordpress\/","name":"KulturGut Poggenhagen","description":"Verein f\u00fcr Kunst und Kultur","publisher":{"@id":"https:\/\/www.kulturgut-poggenhagen.de\/kulturgut\/wordpress\/#organization"},"potentialAction":[{"@type":"SearchAction","target":{"@type":"EntryPoint","urlTemplate":"https:\/\/www.kulturgut-poggenhagen.de\/kulturgut\/wordpress\/?s={search_term_string}"},"query-input":{"@type":"PropertyValueSpecification","valueRequired":true,"valueName":"search_term_string"}}],"inLanguage":"de"},{"@type":"Organization","@id":"https:\/\/www.kulturgut-poggenhagen.de\/kulturgut\/wordpress\/#organization","name":"KulturGut Poggenhagen e.V.","url":"https:\/\/www.kulturgut-poggenhagen.de\/kulturgut\/wordpress\/","logo":{"@type":"ImageObject","inLanguage":"de","@id":"https:\/\/www.kulturgut-poggenhagen.de\/kulturgut\/wordpress\/#\/schema\/logo\/image\/","url":"https:\/\/www.kulturgut-poggenhagen.de\/kulturgut\/wordpress\/wp-content\/uploads\/2021\/03\/logo-kulturgut-pink-hoch.png","contentUrl":"https:\/\/www.kulturgut-poggenhagen.de\/kulturgut\/wordpress\/wp-content\/uploads\/2021\/03\/logo-kulturgut-pink-hoch.png","width":535,"height":295,"caption":"KulturGut Poggenhagen e.V."},"image":{"@id":"https:\/\/www.kulturgut-poggenhagen.de\/kulturgut\/wordpress\/#\/schema\/logo\/image\/"}}]}},"_links":{"self":[{"href":"https:\/\/www.kulturgut-poggenhagen.de\/kulturgut\/wordpress\/wp-json\/wp\/v2\/pages\/4471","targetHints":{"allow":["GET"]}}],"collection":[{"href":"https:\/\/www.kulturgut-poggenhagen.de\/kulturgut\/wordpress\/wp-json\/wp\/v2\/pages"}],"about":[{"href":"https:\/\/www.kulturgut-poggenhagen.de\/kulturgut\/wordpress\/wp-json\/wp\/v2\/types\/page"}],"author":[{"embeddable":true,"href":"https:\/\/www.kulturgut-poggenhagen.de\/kulturgut\/wordpress\/wp-json\/wp\/v2\/users\/1"}],"replies":[{"embeddable":true,"href":"https:\/\/www.kulturgut-poggenhagen.de\/kulturgut\/wordpress\/wp-json\/wp\/v2\/comments?post=4471"}],"version-history":[{"count":78,"href":"https:\/\/www.kulturgut-poggenhagen.de\/kulturgut\/wordpress\/wp-json\/wp\/v2\/pages\/4471\/revisions"}],"predecessor-version":[{"id":7641,"href":"https:\/\/www.kulturgut-poggenhagen.de\/kulturgut\/wordpress\/wp-json\/wp\/v2\/pages\/4471\/revisions\/7641"}],"wp:featuredmedia":[{"embeddable":true,"href":"https:\/\/www.kulturgut-poggenhagen.de\/kulturgut\/wordpress\/wp-json\/wp\/v2\/media\/6732"}],"wp:attachment":[{"href":"https:\/\/www.kulturgut-poggenhagen.de\/kulturgut\/wordpress\/wp-json\/wp\/v2\/media?parent=4471"}],"curies":[{"name":"wp","href":"https:\/\/api.w.org\/{rel}","templated":true}]}}