{"id":4403,"date":"2017-05-05T07:25:37","date_gmt":"2017-05-05T05:25:37","guid":{"rendered":"http:\/\/kulturgut.boye-design.de\/?page_id=4403"},"modified":"2026-03-08T19:58:55","modified_gmt":"2026-03-08T18:58:55","slug":"impressum","status":"publish","type":"page","link":"https:\/\/www.kulturgut-poggenhagen.de\/kulturgut\/wordpress\/impressum\/","title":{"rendered":"Impressum"},"content":{"rendered":"<div class=\"wpb-content-wrapper\"><p>[vc_row full_width=&#8220;stretch_row_content&#8220;][vc_column][vc_separator color=&#8220;black&#8220; css=&#8220;.vc_custom_1621356279518{margin-top: 0px !important;padding-top: 0px !important;}&#8220;][\/vc_column][\/vc_row][vc_row][vc_column][vc_column_text]<\/p>\n<h1 style=\"text-align: center;\">Impressum<\/h1>\n<p>[\/vc_column_text][\/vc_column][\/vc_row][vc_row][vc_column width=&#8220;1\/6&#8243;][\/vc_column][vc_column width=&#8220;4\/6&#8243;][vc_column_text css=&#8220;&#8220;]<\/p>\n<h5 data-start=\"455\" data-end=\"528\">Kontakt<\/h5>\n<p data-start=\"455\" data-end=\"528\">KulturGut Poggenhagen e.V.<br data-start=\"481\" data-end=\"484\" \/>Gut Harms 5<br data-start=\"495\" data-end=\"498\" \/>31535 Neustadt am R\u00fcbenberge<\/p>\n<p data-start=\"530\" data-end=\"597\">Telefon: 05032 \u2013 91 99 40<br data-start=\"555\" data-end=\"558\" \/>E-Mail: <a class=\"decorated-link cursor-pointer\" rel=\"noopener\" data-start=\"566\" data-end=\"595\">&#x69;n&#x66;o&#x40;&#107;&#x75;&#108;t&#x75;r&#x67;&#117;&#x74;&#45;&#x70;&#111;g&#x67;e&#x6e;&#104;&#x61;&#103;&#x65;&#x6e;&#46;&#x64;e<\/a><\/p>\n<p data-start=\"599\" data-end=\"628\">Vertreten durch den Vorstand.<\/p>\n<p>[\/vc_column_text][vc_column_text css=&#8220;&#8220;]<\/p>\n<h5 data-start=\"630\" data-end=\"660\">Inhaltlich verantwortlich<\/h5>\n<p data-start=\"662\" data-end=\"817\">Inhaltlich verantwortlich gem\u00e4\u00df \u00a7 18 Abs. 2 MStV:<br data-start=\"711\" data-end=\"714\" \/>der Vorstand des KulturGut Poggenhagen e.V.<br data-start=\"757\" data-end=\"760\" \/>Anschrift wie oben.<\/p>\n<p>[\/vc_column_text][vc_column_text css=&#8220;&#8220;]<\/p>\n<h5 data-start=\"819\" data-end=\"836\">Urheberrecht<\/h5>\n<p data-start=\"838\" data-end=\"1138\">Die auf dieser Website ver\u00f6ffentlichten Inhalte und Werke unterliegen dem deutschen Urheberrecht. Soweit nicht anders angegeben, liegen die Rechte bei den jeweiligen Urheberinnen und Urhebern. Eine Verwendung au\u00dferhalb der Grenzen des Urheberrechts bedarf der Zustimmung der jeweiligen Rechteinhaber.<\/p>\n<p>[\/vc_column_text][vc_column_text css=&#8220;&#8220;]<\/p>\n<h5 data-start=\"1140\" data-end=\"1158\">Externe Links<\/h5>\n<p data-start=\"1160\" data-end=\"1287\">Diese Website enth\u00e4lt Links zu externen Websites Dritter. F\u00fcr deren Inhalte sind ausschlie\u00dflich deren Betreiber verantwortlich.<\/p>\n<p>[\/vc_column_text][vc_column_text css=&#8220;&#8220;]<\/p>\n<div class=\"wpb_text_column wpb_content_element \">\n<div class=\"wpb_wrapper\">\n<h5>Webdesign und Umsetzung<\/h5>\n<p>Inga Boye | webdesign-hannover.de<\/p>\n<\/div>\n<\/div>\n<p>[\/vc_column_text][\/vc_column][vc_column width=&#8220;1\/6&#8243;][\/vc_column][\/vc_row][vc_row][vc_column][vc_empty_space][\/vc_column][\/vc_row]<\/p>\n<\/div>","protected":false},"excerpt":{"rendered":"<p>[vc_row full_width=&#8220;stretch_row_content&#8220;][vc_column][vc_separator color=&#8220;black&#8220; css=&#8220;.vc_custom_1621356279518{margin-top: 0px !important;padding-top: 0px !important;}&#8220;][\/vc_column][\/vc_row][vc_row][vc_column][vc_column_text] Impressum [\/vc_column_text][\/vc_column][\/vc_row][vc_row][vc_column width=&#8220;1\/6&#8243;][\/vc_column][vc_column width=&#8220;4\/6&#8243;][vc_column_text css=&#8220;&#8220;] Kontakt KulturGut Poggenhagen e.V.Gut Harms 531535 Neustadt am R\u00fcbenberge Telefon: 05032 \u2013 91 99 40E-Mail: &#x69;&#x6e;&#102;&#111;&#64;&#x6b;&#x75;&#x6c;&#116;ur&#x67;&#x75;&#116;&#45;p&#x6f;&#x67;&#x67;&#101;nh&#x61;&#x67;&#101;&#110;&#46;&#x64;&#x65; Vertreten durch den Vorstand. [\/vc_column_text][vc_column_text css=&#8220;&#8220;] Inhaltlich verantwortlich Inhaltlich verantwortlich gem\u00e4\u00df \u00a7 18 Abs. 2 MStV:der Vorstand des KulturGut Poggenhagen e.V.Anschrift wie oben. [\/vc_column_text][vc_column_text css=&#8220;&#8220;] Urheberrecht&hellip;<\/p>\n","protected":false},"author":1,"featured_media":0,"parent":0,"menu_order":0,"comment_status":"closed","ping_status":"closed","template":"","meta":{"_acf_changed":false,"footnotes":""},"class_list":["post-4403","page","type-page","status-publish","hentry"],"acf":[],"yoast_head":"<!-- This site is optimized with the Yoast SEO plugin v27.3 - https:\/\/yoast.com\/product\/yoast-seo-wordpress\/ -->\n<title>Impressum - KulturGut Poggenhagen<\/title>\n<meta name=\"robots\" content=\"index, follow, max-snippet:-1, max-image-preview:large, max-video-preview:-1\" \/>\n<link rel=\"canonical\" href=\"https:\/\/www.kulturgut-poggenhagen.de\/kulturgut\/wordpress\/impressum\/\" \/>\n<meta property=\"og:locale\" content=\"de_DE\" \/>\n<meta property=\"og:type\" content=\"article\" \/>\n<meta property=\"og:title\" content=\"Impressum - KulturGut Poggenhagen\" \/>\n<meta property=\"og:description\" content=\"[vc_row full_width=&#8220;stretch_row_content&#8220;][vc_column][vc_separator color=&#8220;black&#8220; css=&#8220;.vc_custom_1621356279518{margin-top: 0px !important;padding-top: 0px !important;}&#8220;][\/vc_column][\/vc_row][vc_row][vc_column][vc_column_text] Impressum [\/vc_column_text][\/vc_column][\/vc_row][vc_row][vc_column width=&#8220;1\/6&#8243;][\/vc_column][vc_column width=&#8220;4\/6&#8243;][vc_column_text css=&#8220;&#8220;] Kontakt KulturGut Poggenhagen e.V.Gut Harms 531535 Neustadt am R\u00fcbenberge Telefon: 05032 \u2013 91 99 40E-Mail: &#x69;n&#x66;&#111;&#064;&#x6b;&#117;&#x6c;&#x74;u&#x72;&#103;u&#x74;&#045;&#x70;&#111;g&#x67;&#101;n&#x68;&#097;&#x67;&#101;n&#x2e;&#100;&#x65; Vertreten durch den Vorstand. [\/vc_column_text][vc_column_text css=&#8220;&#8220;] Inhaltlich verantwortlich Inhaltlich verantwortlich gem\u00e4\u00df \u00a7 18 Abs. 2 MStV:der Vorstand des KulturGut Poggenhagen e.V.Anschrift wie oben. [\/vc_column_text][vc_column_text css=&#8220;&#8220;] Urheberrecht&hellip;\" \/>\n<meta property=\"og:url\" content=\"https:\/\/www.kulturgut-poggenhagen.de\/kulturgut\/wordpress\/impressum\/\" \/>\n<meta property=\"og:site_name\" content=\"KulturGut Poggenhagen\" \/>\n<meta property=\"og:image\" content=\"https:\/\/www.kulturgut-poggenhagen.de\/kulturgut\/wordpress\/wp-content\/uploads\/2026\/03\/fruehling-kulturgut-poggenhagen.jpg\" \/>\n\t<meta property=\"og:image:width\" content=\"1000\" \/>\n\t<meta property=\"og:image:height\" content=\"750\" \/>\n\t<meta property=\"og:image:type\" content=\"image\/jpeg\" \/>\n<meta name=\"twitter:card\" content=\"summary_large_image\" \/>\n<meta name=\"twitter:label1\" content=\"Gesch\u00e4tzte Lesezeit\" \/>\n\t<meta name=\"twitter:data1\" content=\"1\u00a0Minute\" \/>\n<script type=\"application\/ld+json\" class=\"yoast-schema-graph\">{\"@context\":\"https:\\\/\\\/schema.org\",\"@graph\":[{\"@type\":\"WebPage\",\"@id\":\"https:\\\/\\\/www.kulturgut-poggenhagen.de\\\/kulturgut\\\/wordpress\\\/impressum\\\/\",\"url\":\"https:\\\/\\\/www.kulturgut-poggenhagen.de\\\/kulturgut\\\/wordpress\\\/impressum\\\/\",\"name\":\"Impressum - KulturGut Poggenhagen\",\"isPartOf\":{\"@id\":\"https:\\\/\\\/www.kulturgut-poggenhagen.de\\\/kulturgut\\\/wordpress\\\/#website\"},\"datePublished\":\"2017-05-05T05:25:37+00:00\",\"dateModified\":\"2026-03-08T18:58:55+00:00\",\"breadcrumb\":{\"@id\":\"https:\\\/\\\/www.kulturgut-poggenhagen.de\\\/kulturgut\\\/wordpress\\\/impressum\\\/#breadcrumb\"},\"inLanguage\":\"de\",\"potentialAction\":[{\"@type\":\"ReadAction\",\"target\":[\"https:\\\/\\\/www.kulturgut-poggenhagen.de\\\/kulturgut\\\/wordpress\\\/impressum\\\/\"]}]},{\"@type\":\"BreadcrumbList\",\"@id\":\"https:\\\/\\\/www.kulturgut-poggenhagen.de\\\/kulturgut\\\/wordpress\\\/impressum\\\/#breadcrumb\",\"itemListElement\":[{\"@type\":\"ListItem\",\"position\":1,\"name\":\"Startseite\",\"item\":\"https:\\\/\\\/www.kulturgut-poggenhagen.de\\\/kulturgut\\\/wordpress\\\/\"},{\"@type\":\"ListItem\",\"position\":2,\"name\":\"Impressum\"}]},{\"@type\":\"WebSite\",\"@id\":\"https:\\\/\\\/www.kulturgut-poggenhagen.de\\\/kulturgut\\\/wordpress\\\/#website\",\"url\":\"https:\\\/\\\/www.kulturgut-poggenhagen.de\\\/kulturgut\\\/wordpress\\\/\",\"name\":\"KulturGut Poggenhagen\",\"description\":\"Verein f\u00fcr Kunst und Kultur\",\"publisher\":{\"@id\":\"https:\\\/\\\/www.kulturgut-poggenhagen.de\\\/kulturgut\\\/wordpress\\\/#organization\"},\"potentialAction\":[{\"@type\":\"SearchAction\",\"target\":{\"@type\":\"EntryPoint\",\"urlTemplate\":\"https:\\\/\\\/www.kulturgut-poggenhagen.de\\\/kulturgut\\\/wordpress\\\/?s={search_term_string}\"},\"query-input\":{\"@type\":\"PropertyValueSpecification\",\"valueRequired\":true,\"valueName\":\"search_term_string\"}}],\"inLanguage\":\"de\"},{\"@type\":\"Organization\",\"@id\":\"https:\\\/\\\/www.kulturgut-poggenhagen.de\\\/kulturgut\\\/wordpress\\\/#organization\",\"name\":\"KulturGut Poggenhagen e.V.\",\"url\":\"https:\\\/\\\/www.kulturgut-poggenhagen.de\\\/kulturgut\\\/wordpress\\\/\",\"logo\":{\"@type\":\"ImageObject\",\"inLanguage\":\"de\",\"@id\":\"https:\\\/\\\/www.kulturgut-poggenhagen.de\\\/kulturgut\\\/wordpress\\\/#\\\/schema\\\/logo\\\/image\\\/\",\"url\":\"https:\\\/\\\/www.kulturgut-poggenhagen.de\\\/kulturgut\\\/wordpress\\\/wp-content\\\/uploads\\\/2021\\\/03\\\/logo-kulturgut-pink-hoch.png\",\"contentUrl\":\"https:\\\/\\\/www.kulturgut-poggenhagen.de\\\/kulturgut\\\/wordpress\\\/wp-content\\\/uploads\\\/2021\\\/03\\\/logo-kulturgut-pink-hoch.png\",\"width\":535,\"height\":295,\"caption\":\"KulturGut Poggenhagen e.V.\"},\"image\":{\"@id\":\"https:\\\/\\\/www.kulturgut-poggenhagen.de\\\/kulturgut\\\/wordpress\\\/#\\\/schema\\\/logo\\\/image\\\/\"}}]}<\/script>\n<!-- \/ Yoast SEO plugin. -->","yoast_head_json":{"title":"Impressum - KulturGut Poggenhagen","robots":{"index":"index","follow":"follow","max-snippet":"max-snippet:-1","max-image-preview":"max-image-preview:large","max-video-preview":"max-video-preview:-1"},"canonical":"https:\/\/www.kulturgut-poggenhagen.de\/kulturgut\/wordpress\/impressum\/","og_locale":"de_DE","og_type":"article","og_title":"Impressum - KulturGut Poggenhagen","og_description":"[vc_row full_width=&#8220;stretch_row_content&#8220;][vc_column][vc_separator color=&#8220;black&#8220; css=&#8220;.vc_custom_1621356279518{margin-top: 0px !important;padding-top: 0px !important;}&#8220;][\/vc_column][\/vc_row][vc_row][vc_column][vc_column_text] Impressum [\/vc_column_text][\/vc_column][\/vc_row][vc_row][vc_column width=&#8220;1\/6&#8243;][\/vc_column][vc_column width=&#8220;4\/6&#8243;][vc_column_text css=&#8220;&#8220;] Kontakt KulturGut Poggenhagen e.V.Gut Harms 531535 Neustadt am R\u00fcbenberge Telefon: 05032 \u2013 91 99 40E-Mail: &#x69;n&#x66;&#111;&#64;&#x6b;&#117;&#x6c;&#x74;u&#x72;&#103;u&#x74;&#45;&#x70;&#111;g&#x67;&#101;n&#x68;&#97;&#x67;&#101;n&#x2e;&#100;&#x65; Vertreten durch den Vorstand. [\/vc_column_text][vc_column_text css=&#8220;&#8220;] Inhaltlich verantwortlich Inhaltlich verantwortlich gem\u00e4\u00df \u00a7 18 Abs. 2 MStV:der Vorstand des KulturGut Poggenhagen e.V.Anschrift wie oben. [\/vc_column_text][vc_column_text css=&#8220;&#8220;] Urheberrecht&hellip;","og_url":"https:\/\/www.kulturgut-poggenhagen.de\/kulturgut\/wordpress\/impressum\/","og_site_name":"KulturGut Poggenhagen","og_image":[{"width":1000,"height":750,"url":"https:\/\/www.kulturgut-poggenhagen.de\/kulturgut\/wordpress\/wp-content\/uploads\/2026\/03\/fruehling-kulturgut-poggenhagen.jpg","type":"image\/jpeg"}],"twitter_card":"summary_large_image","twitter_misc":{"Gesch\u00e4tzte Lesezeit":"1\u00a0Minute"},"schema":{"@context":"https:\/\/schema.org","@graph":[{"@type":"WebPage","@id":"https:\/\/www.kulturgut-poggenhagen.de\/kulturgut\/wordpress\/impressum\/","url":"https:\/\/www.kulturgut-poggenhagen.de\/kulturgut\/wordpress\/impressum\/","name":"Impressum - KulturGut Poggenhagen","isPartOf":{"@id":"https:\/\/www.kulturgut-poggenhagen.de\/kulturgut\/wordpress\/#website"},"datePublished":"2017-05-05T05:25:37+00:00","dateModified":"2026-03-08T18:58:55+00:00","breadcrumb":{"@id":"https:\/\/www.kulturgut-poggenhagen.de\/kulturgut\/wordpress\/impressum\/#breadcrumb"},"inLanguage":"de","potentialAction":[{"@type":"ReadAction","target":["https:\/\/www.kulturgut-poggenhagen.de\/kulturgut\/wordpress\/impressum\/"]}]},{"@type":"BreadcrumbList","@id":"https:\/\/www.kulturgut-poggenhagen.de\/kulturgut\/wordpress\/impressum\/#breadcrumb","itemListElement":[{"@type":"ListItem","position":1,"name":"Startseite","item":"https:\/\/www.kulturgut-poggenhagen.de\/kulturgut\/wordpress\/"},{"@type":"ListItem","position":2,"name":"Impressum"}]},{"@type":"WebSite","@id":"https:\/\/www.kulturgut-poggenhagen.de\/kulturgut\/wordpress\/#website","url":"https:\/\/www.kulturgut-poggenhagen.de\/kulturgut\/wordpress\/","name":"KulturGut Poggenhagen","description":"Verein f\u00fcr Kunst und Kultur","publisher":{"@id":"https:\/\/www.kulturgut-poggenhagen.de\/kulturgut\/wordpress\/#organization"},"potentialAction":[{"@type":"SearchAction","target":{"@type":"EntryPoint","urlTemplate":"https:\/\/www.kulturgut-poggenhagen.de\/kulturgut\/wordpress\/?s={search_term_string}"},"query-input":{"@type":"PropertyValueSpecification","valueRequired":true,"valueName":"search_term_string"}}],"inLanguage":"de"},{"@type":"Organization","@id":"https:\/\/www.kulturgut-poggenhagen.de\/kulturgut\/wordpress\/#organization","name":"KulturGut Poggenhagen e.V.","url":"https:\/\/www.kulturgut-poggenhagen.de\/kulturgut\/wordpress\/","logo":{"@type":"ImageObject","inLanguage":"de","@id":"https:\/\/www.kulturgut-poggenhagen.de\/kulturgut\/wordpress\/#\/schema\/logo\/image\/","url":"https:\/\/www.kulturgut-poggenhagen.de\/kulturgut\/wordpress\/wp-content\/uploads\/2021\/03\/logo-kulturgut-pink-hoch.png","contentUrl":"https:\/\/www.kulturgut-poggenhagen.de\/kulturgut\/wordpress\/wp-content\/uploads\/2021\/03\/logo-kulturgut-pink-hoch.png","width":535,"height":295,"caption":"KulturGut Poggenhagen e.V."},"image":{"@id":"https:\/\/www.kulturgut-poggenhagen.de\/kulturgut\/wordpress\/#\/schema\/logo\/image\/"}}]}},"_links":{"self":[{"href":"https:\/\/www.kulturgut-poggenhagen.de\/kulturgut\/wordpress\/wp-json\/wp\/v2\/pages\/4403","targetHints":{"allow":["GET"]}}],"collection":[{"href":"https:\/\/www.kulturgut-poggenhagen.de\/kulturgut\/wordpress\/wp-json\/wp\/v2\/pages"}],"about":[{"href":"https:\/\/www.kulturgut-poggenhagen.de\/kulturgut\/wordpress\/wp-json\/wp\/v2\/types\/page"}],"author":[{"embeddable":true,"href":"https:\/\/www.kulturgut-poggenhagen.de\/kulturgut\/wordpress\/wp-json\/wp\/v2\/users\/1"}],"replies":[{"embeddable":true,"href":"https:\/\/www.kulturgut-poggenhagen.de\/kulturgut\/wordpress\/wp-json\/wp\/v2\/comments?post=4403"}],"version-history":[{"count":13,"href":"https:\/\/www.kulturgut-poggenhagen.de\/kulturgut\/wordpress\/wp-json\/wp\/v2\/pages\/4403\/revisions"}],"predecessor-version":[{"id":8158,"href":"https:\/\/www.kulturgut-poggenhagen.de\/kulturgut\/wordpress\/wp-json\/wp\/v2\/pages\/4403\/revisions\/8158"}],"wp:attachment":[{"href":"https:\/\/www.kulturgut-poggenhagen.de\/kulturgut\/wordpress\/wp-json\/wp\/v2\/media?parent=4403"}],"curies":[{"name":"wp","href":"https:\/\/api.w.org\/{rel}","templated":true}]}}